{"id":169,"date":"2026-04-08T18:42:11","date_gmt":"2026-04-08T18:42:11","guid":{"rendered":"https:\/\/domaineduphare.com\/?page_id=169"},"modified":"2026-04-08T18:42:11","modified_gmt":"2026-04-08T18:42:11","slug":"nouvelles","status":"publish","type":"page","link":"https:\/\/domaineduphare.com\/?page_id=169","title":{"rendered":"Nouvelles"},"content":{"rendered":"\n<div class=\"wp-block-query has-global-padding is-layout-constrained wp-block-query-is-layout-constrained\">\n\n\n<div class=\"wp-block-group is-layout-flow wp-block-group-is-layout-flow\" style=\"margin-top:0;margin-bottom:0;padding-top:var(--wp--preset--spacing--50);padding-right:0;padding-bottom:var(--wp--preset--spacing--50);padding-left:0\"><ul class=\"alignfull wp-block-post-template is-layout-flow wp-container-core-post-template-is-layout-09c064ec wp-block-post-template-is-layout-flow\"><li class=\"wp-block-post post-176 post type-post status-publish format-standard hentry category-uncategorized\">\n\n\n\n<div class=\"wp-block-group is-vertical is-nowrap is-layout-flex wp-container-core-group-is-layout-9bc6ff26 wp-block-group-is-layout-flex\"><h2 style=\"margin-bottom:0;\" class=\"wp-block-post-title has-x-large-font-size\"><a href=\"https:\/\/domaineduphare.com\/?p=176\" target=\"_self\" >Nouveau d\u00e9veloppement de multilogements sur la future rue des Jeux de l\u2019Acadie Sud \u00e0 Shippagan : Domaine du Phare<\/a><\/h2>\n\n<div class=\"wp-block-template-part\">\n\n<div class=\"wp-block-group has-global-padding is-layout-constrained wp-block-group-is-layout-constrained\">\n\t\n\t<div class=\"wp-block-group is-content-justification-left is-layout-flex wp-container-core-group-is-layout-dfe8e91f wp-block-group-is-layout-flex\">\n\t\t<div class=\"wp-block-post-date\"><time datetime=\"2026-04-08T18:45:08+00:00\"><a href=\"https:\/\/domaineduphare.com\/?p=176\">Apr 8, 2026<\/a><\/time><\/div>\n\n\t\t\n\t\t<p class=\"has-contrast-2-color has-text-color\">\u2014<\/p>\n\t\t\n\n\t\t\n\t\t<p class=\"has-small-font-size has-contrast-2-color has-text-color\">by<\/p>\n\t\t\n\n\t\t<div class=\"wp-block-post-author-name\"><a href=\"https:\/\/domaineduphare.com\/?author=1\" target=\"_self\" class=\"wp-block-post-author-name__link\">patrickbogg<\/a><\/div>\n\n\t\t<div class=\"taxonomy-category wp-block-post-terms\"><span class=\"wp-block-post-terms__prefix\">in <\/span><a href=\"https:\/\/domaineduphare.com\/?cat=1\" rel=\"tag\">Uncategorized<\/a><\/div>\n\n\t<\/div>\n\t\n<\/div>\n\n\n<\/div>\n\n<div class=\"wp-block-post-excerpt has-small-font-size\"><p class=\"wp-block-post-excerpt__excerpt\">Shippagan, le 31 mars 2026 &#8211; La municipalit\u00e9 est fi\u00e8re d\u2019annoncer un nouveau projet d\u2019habitation multilogements sur la future rue des Jeux de l\u2019Acadie Sud donnant sur l\u2019avenue Loudun \u00e0 Shippagan. D\u00e9velopp\u00e9 par Maplecrest Property Group, avec la participation de Fairview Consulting Corp, son expert-conseil en services financiers, le projet Domaine du Phare proposera une&hellip; <\/p><\/div>\n\n\n<div style=\"height:0px\" aria-hidden=\"true\" class=\"wp-block-spacer wp-container-content-32e3a40d\"><\/div>\n<\/div>\n\n<\/li><\/ul>\n\n\n<div style=\"margin-top:0;margin-bottom:0;height:var(--wp--preset--spacing--50)\" aria-hidden=\"true\" class=\"wp-block-spacer\"><\/div>\n\n\n<\/div>\n<\/div>\n","protected":false},"excerpt":{"rendered":"","protected":false},"author":1,"featured_media":0,"parent":0,"menu_order":0,"comment_status":"closed","ping_status":"closed","template":"","meta":{"footnotes":""},"class_list":["post-169","page","type-page","status-publish","hentry"],"_links":{"self":[{"href":"https:\/\/domaineduphare.com\/index.php?rest_route=\/wp\/v2\/pages\/169","targetHints":{"allow":["GET"]}}],"collection":[{"href":"https:\/\/domaineduphare.com\/index.php?rest_route=\/wp\/v2\/pages"}],"about":[{"href":"https:\/\/domaineduphare.com\/index.php?rest_route=\/wp\/v2\/types\/page"}],"author":[{"embeddable":true,"href":"https:\/\/domaineduphare.com\/index.php?rest_route=\/wp\/v2\/users\/1"}],"replies":[{"embeddable":true,"href":"https:\/\/domaineduphare.com\/index.php?rest_route=%2Fwp%2Fv2%2Fcomments&post=169"}],"version-history":[{"count":2,"href":"https:\/\/domaineduphare.com\/index.php?rest_route=\/wp\/v2\/pages\/169\/revisions"}],"predecessor-version":[{"id":174,"href":"https:\/\/domaineduphare.com\/index.php?rest_route=\/wp\/v2\/pages\/169\/revisions\/174"}],"wp:attachment":[{"href":"https:\/\/domaineduphare.com\/index.php?rest_route=%2Fwp%2Fv2%2Fmedia&parent=169"}],"curies":[{"name":"wp","href":"https:\/\/api.w.org\/{rel}","templated":true}]}}