{"id":132,"date":"2026-03-30T19:47:35","date_gmt":"2026-03-30T19:47:35","guid":{"rendered":"https:\/\/domaineduphare.com\/?page_id=132"},"modified":"2026-04-01T21:14:17","modified_gmt":"2026-04-01T21:14:17","slug":"location-longue-duree","status":"publish","type":"page","link":"https:\/\/domaineduphare.com\/?page_id=132","title":{"rendered":"Location Longue Dur\u00e9e"},"content":{"rendered":"\n<pre class=\"wp-block-preformatted\" style=\"font-size: 21px; font-family: serif; text-wrap-mode: wrap;\">Nos plans d'\u00e9tage originaux comprennent toutes les commodit\u00e9s dont vous avez besoin pour profiter du quotidien sans vous soucier de l\u2019entretien. Les commodit\u00e9s indiqu\u00e9es ci-dessous sont comprises dans le prix du loyer:<br><br>- 6 gros appareils \u00e9lectrom\u00e9nagers (r\u00e9frig\u00e9rateur, cuisini\u00e8re, lave-vaisselle, four \u00e0 micro-ondes, laveuse et s\u00e9cheuse)<br>- Animaux accept\u00e9s (\u00e9valu\u00e9 au cas par cas)<br>- Armoires de cuisine fabriqu\u00e9es sur mesure<br>- Meubles de salle de bains avec comptoir fait sur mesure<br>- Eau et \u00e9gouts<br>- Tonte de la pelouse et d\u00e9neigement<br>- Stationnement pour 2 v\u00e9hicules<br><br>- *$1450.00 par mois*<br>- *950 pieds carr\u00e9s*<br><\/pre>\n\n\n\n<figure class=\"wp-block-image size-large\"><img loading=\"lazy\" decoding=\"async\" width=\"1024\" height=\"556\" src=\"https:\/\/domaineduphare.com\/wp-content\/uploads\/2026\/04\/half-done-5-French-scaled-1-1024x556.png\" alt=\"\" class=\"wp-image-167\" srcset=\"https:\/\/domaineduphare.com\/wp-content\/uploads\/2026\/04\/half-done-5-French-scaled-1-1024x556.png 1024w, https:\/\/domaineduphare.com\/wp-content\/uploads\/2026\/04\/half-done-5-French-scaled-1-300x163.png 300w, https:\/\/domaineduphare.com\/wp-content\/uploads\/2026\/04\/half-done-5-French-scaled-1-768x417.png 768w, https:\/\/domaineduphare.com\/wp-content\/uploads\/2026\/04\/half-done-5-French-scaled-1-1536x834.png 1536w, https:\/\/domaineduphare.com\/wp-content\/uploads\/2026\/04\/half-done-5-French-scaled-1-2048x1112.png 2048w\" sizes=\"auto, (max-width: 1024px) 100vw, 1024px\" \/><\/figure>\n","protected":false},"excerpt":{"rendered":"<p>Nos plans d&#8217;\u00e9tage originaux comprennent toutes les commodit\u00e9s dont vous avez besoin pour profiter du quotidien sans vous soucier de l\u2019entretien. Les commodit\u00e9s indiqu\u00e9es ci-dessous sont comprises dans le prix du loyer:- 6 gros appareils \u00e9lectrom\u00e9nagers (r\u00e9frig\u00e9rateur, cuisini\u00e8re, lave-vaisselle, four \u00e0 micro-ondes, laveuse et s\u00e9cheuse)- Animaux accept\u00e9s (\u00e9valu\u00e9 au cas par cas)- Armoires de cuisine [&hellip;]<\/p>\n","protected":false},"author":1,"featured_media":0,"parent":0,"menu_order":0,"comment_status":"closed","ping_status":"closed","template":"","meta":{"footnotes":""},"class_list":["post-132","page","type-page","status-publish","hentry"],"_links":{"self":[{"href":"https:\/\/domaineduphare.com\/index.php?rest_route=\/wp\/v2\/pages\/132","targetHints":{"allow":["GET"]}}],"collection":[{"href":"https:\/\/domaineduphare.com\/index.php?rest_route=\/wp\/v2\/pages"}],"about":[{"href":"https:\/\/domaineduphare.com\/index.php?rest_route=\/wp\/v2\/types\/page"}],"author":[{"embeddable":true,"href":"https:\/\/domaineduphare.com\/index.php?rest_route=\/wp\/v2\/users\/1"}],"replies":[{"embeddable":true,"href":"https:\/\/domaineduphare.com\/index.php?rest_route=%2Fwp%2Fv2%2Fcomments&post=132"}],"version-history":[{"count":5,"href":"https:\/\/domaineduphare.com\/index.php?rest_route=\/wp\/v2\/pages\/132\/revisions"}],"predecessor-version":[{"id":168,"href":"https:\/\/domaineduphare.com\/index.php?rest_route=\/wp\/v2\/pages\/132\/revisions\/168"}],"wp:attachment":[{"href":"https:\/\/domaineduphare.com\/index.php?rest_route=%2Fwp%2Fv2%2Fmedia&parent=132"}],"curies":[{"name":"wp","href":"https:\/\/api.w.org\/{rel}","templated":true}]}}